{"id":4743,"date":"2017-04-07T10:41:54","date_gmt":"2017-04-07T10:41:54","guid":{"rendered":"http:\/\/med-user.net\/~phalangst\/2017\/?page_id=4743"},"modified":"2017-09-13T08:22:30","modified_gmt":"2017-09-13T08:22:30","slug":"black-country-reviews","status":"publish","type":"page","link":"https:\/\/phal.angst.band\/index.php\/home\/black-country-reviews\/","title":{"rendered":"Black Country reviews"},"content":{"rendered":"<div  class=\"parallax \" data-image=\"\/\/phal.angst.band\/2017\/wp-content\/uploads\/PhalAngst-BlackCountry-LP-cover.jpg\" data-width=\"1181\" data-height=\"1181\" style=\"height:300px; \"><\/div>\n<div class=\"standard_wrapper\">\n<div  class=\"one withsmallpadding\"style=\"padding:30px 0 30px 0;\" >\n<div class=\"page_content_wrapper\">\n<div class=\"inner\">\n<div class=\"inner_wrapper\">\n<div id=\"1505290950626908606\" class=\"blog_grid_wrapper sidebar_content full_width ppb_blog_posts three_cols\" data-columns=\"3\">\n<div id=\"post-556\" class=\"post type-post hentry status-publish\">\n<div class=\"post_wrapper grid_layout\">\n<div class=\"blog_grid_content\">\n<div class=\"post_header grid\">\n<div class=\"post_info_cat\">March 21, 2016&nbsp;\/&nbsp;<a href=\"\/\/phal.angst.band\/2017\/index.php\/category\/reviews\/\">reviews<\/a>&nbsp;\/&nbsp;<a href=\"\/\/phal.angst.band\/2017\/index.php\/category\/uncategorized\/\">Uncategorized<\/a><\/div>\n<h6><a href=\"\/\/phal.angst.band\/2017\/index.php\/2016\/03\/21\/falter-4914-angstmacher-die-man-nicht-furchten-muss\/\" title=\"Falter 49\/14 &#8220;Angstmacher, die man nicht f\u00fcrchten muss&#8221;\">Falter 49\/14 &#8220;Angstmacher, die man nicht f\u00fcrchten muss&#8221;<\/a><\/h6>\n<\/div>\n<p>Menschen an Hand ihrer Band-T-Shirts zu beurteilen ist pubert\u00e4r. Tr\u00e4gt ein Musiker auf seinen eigenen Pressefotos&#8230;\n\t    <\/p><\/div>\n<\/p><\/div>\n<\/div>\n<div id=\"post-509\" class=\"post type-post hentry status-publish\">\n<div class=\"post_wrapper grid_layout\">\n<div class=\"blog_grid_content\">\n<div class=\"post_header grid\">\n<div class=\"post_info_cat\">March 5, 2016&nbsp;\/&nbsp;<a href=\"\/\/phal.angst.band\/2017\/index.php\/category\/reviews\/\">reviews<\/a>&nbsp;\/&nbsp;<a href=\"\/\/phal.angst.band\/2017\/index.php\/category\/uncategorized\/\">Uncategorized<\/a><\/div>\n<h6><a href=\"\/\/phal.angst.band\/2017\/index.php\/2016\/03\/05\/maly-leksykon-wielkich-zespolow-0515-poland\/\" title=\"Ma\u0142y Leksykon Wielkich Zespo\u0142\u00f3w, 05\/15, Poland\">Ma\u0142y Leksykon Wielkich Zespo\u0142\u00f3w, 05\/15, Poland<\/a><\/h6>\n<\/div><\/div>\n<\/p><\/div>\n<\/div>\n<div id=\"post-448\" class=\"post type-post hentry status-publish\">\n<div class=\"post_wrapper grid_layout\">\n<div class=\"blog_grid_content\">\n<div class=\"post_header grid\">\n<div class=\"post_info_cat\">March 9, 2015&nbsp;\/&nbsp;<a href=\"\/\/phal.angst.band\/2017\/index.php\/category\/reviews\/\">reviews<\/a>&nbsp;\/&nbsp;<a href=\"\/\/phal.angst.band\/2017\/index.php\/category\/uncategorized\/\">Uncategorized<\/a><\/div>\n<h6><a href=\"\/\/phal.angst.band\/2017\/index.php\/2015\/03\/09\/slam-0115-viennaaustria\/\" title=\"Slam, 01\/15, Vienna\/Austria\">Slam, 01\/15, Vienna\/Austria<\/a><\/h6>\n<\/div><\/div>\n<\/p><\/div>\n<\/div>\n<div id=\"post-445\" class=\"post type-post hentry status-publish\">\n<div class=\"post_wrapper grid_layout\">\n<div class=\"blog_grid_content\">\n<div class=\"post_header grid\">\n<div class=\"post_info_cat\">March 9, 2015&nbsp;\/&nbsp;<a href=\"\/\/phal.angst.band\/2017\/index.php\/category\/reviews\/\">reviews<\/a>&nbsp;\/&nbsp;<a href=\"\/\/phal.angst.band\/2017\/index.php\/category\/uncategorized\/\">Uncategorized<\/a><\/div>\n<h6><a href=\"\/\/phal.angst.band\/2017\/index.php\/2015\/03\/09\/femforgacs-0215-hungary\/\" title=\"F\u00e9mforg\u00e1cs, 02\/15, Hungary\">F\u00e9mforg\u00e1cs, 02\/15, Hungary<\/a><\/h6>\n<\/div><\/div>\n<\/p><\/div>\n<\/div>\n<div id=\"post-443\" class=\"post type-post hentry status-publish\">\n<div class=\"post_wrapper grid_layout\">\n<div class=\"blog_grid_content\">\n<div class=\"post_header grid\">\n<div class=\"post_info_cat\">March 9, 2015&nbsp;\/&nbsp;<a href=\"\/\/phal.angst.band\/2017\/index.php\/category\/reviews\/\">reviews<\/a>&nbsp;\/&nbsp;<a href=\"\/\/phal.angst.band\/2017\/index.php\/category\/uncategorized\/\">Uncategorized<\/a><\/div>\n<h6><a href=\"\/\/phal.angst.band\/2017\/index.php\/2015\/03\/09\/rockonnet-comrock-hard-0215-slovenia\/\" title=\"Rockonnet.com\/Rock Hard, 02\/15, Slovenia\">Rockonnet.com\/Rock Hard, 02\/15, Slovenia<\/a><\/h6>\n<\/div><\/div>\n<\/p><\/div>\n<\/div>\n<div id=\"post-441\" class=\"post type-post hentry status-publish\">\n<div class=\"post_wrapper grid_layout\">\n<div class=\"blog_grid_content\">\n<div class=\"post_header grid\">\n<div class=\"post_info_cat\">March 9, 2015&nbsp;\/&nbsp;<a href=\"\/\/phal.angst.band\/2017\/index.php\/category\/reviews\/\">reviews<\/a>&nbsp;\/&nbsp;<a href=\"\/\/phal.angst.band\/2017\/index.php\/category\/uncategorized\/\">Uncategorized<\/a><\/div>\n<h6><a href=\"\/\/phal.angst.band\/2017\/index.php\/2015\/03\/09\/rokkos-adventures-0215-viennaaustria\/\" title=\"Rokko&#8217;s Adventures, 02\/15, Vienna\/Austria\">Rokko&#8217;s Adventures, 02\/15, Vienna\/Austria<\/a><\/h6>\n<\/div><\/div>\n<\/p><\/div>\n<\/div>\n<div id=\"post-438\" class=\"post type-post hentry status-publish\">\n<div class=\"post_wrapper grid_layout\">\n<div class=\"blog_grid_content\">\n<div class=\"post_header grid\">\n<div class=\"post_info_cat\">March 9, 2015&nbsp;\/&nbsp;<a href=\"\/\/phal.angst.band\/2017\/index.php\/category\/reviews\/\">reviews<\/a>&nbsp;\/&nbsp;<a href=\"\/\/phal.angst.band\/2017\/index.php\/category\/uncategorized\/\">Uncategorized<\/a><\/div>\n<h6><a href=\"\/\/phal.angst.band\/2017\/index.php\/2015\/03\/09\/pagan-hel-crimson-moon-uk-0215\/\" title=\"PAGAN HEL \/ CRIMSON MOON (uk), 02\/15\">PAGAN HEL \/ CRIMSON MOON (uk), 02\/15<\/a><\/h6>\n<\/div><\/div>\n<\/p><\/div>\n<\/div>\n<div id=\"post-436\" class=\"post type-post hentry status-publish\">\n<div class=\"post_wrapper grid_layout\">\n<div class=\"blog_grid_content\">\n<div class=\"post_header grid\">\n<div class=\"post_info_cat\">March 9, 2015&nbsp;\/&nbsp;<a href=\"\/\/phal.angst.band\/2017\/index.php\/category\/reviews\/\">reviews<\/a>&nbsp;\/&nbsp;<a href=\"\/\/phal.angst.band\/2017\/index.php\/category\/uncategorized\/\">Uncategorized<\/a><\/div>\n<h6><a href=\"\/\/phal.angst.band\/2017\/index.php\/2015\/03\/09\/kapuzine-0115-linzaustria\/\" title=\"KAPUZINE, 01\/15, Linz\/Austria\">KAPUZINE, 01\/15, Linz\/Austria<\/a><\/h6>\n<\/div><\/div>\n<\/p><\/div>\n<\/div>\n<div id=\"post-427\" class=\"post type-post hentry status-publish\">\n<div class=\"post_wrapper grid_layout\">\n<div class=\"blog_grid_content\">\n<div class=\"post_header grid\">\n<div class=\"post_info_cat\">January 12, 2015&nbsp;\/&nbsp;<a href=\"\/\/phal.angst.band\/2017\/index.php\/category\/reviews\/\">reviews<\/a>&nbsp;\/&nbsp;<a href=\"\/\/phal.angst.band\/2017\/index.php\/category\/uncategorized\/\">Uncategorized<\/a><\/div>\n<h6><a href=\"\/\/phal.angst.band\/2017\/index.php\/2015\/01\/12\/freistil-magazin-fur-musik-und-umgebung\/\" title=\"freiStil &#8211; Magazin f\u00fcr Musik und Umgebung\">freiStil &#8211; Magazin f\u00fcr Musik und Umgebung<\/a><\/h6>\n<\/div><\/div>\n<\/p><\/div>\n<\/div>\n<div id=\"post-421\" class=\"post type-post hentry status-publish\">\n<div class=\"post_wrapper grid_layout\">\n<div class=\"blog_grid_content\">\n<div class=\"post_header grid\">\n<div class=\"post_info_cat\">January 12, 2015&nbsp;\/&nbsp;<a href=\"\/\/phal.angst.band\/2017\/index.php\/category\/reviews\/\">reviews<\/a>&nbsp;\/&nbsp;<a href=\"\/\/phal.angst.band\/2017\/index.php\/category\/uncategorized\/\">Uncategorized<\/a><\/div>\n<h6><a href=\"\/\/phal.angst.band\/2017\/index.php\/2015\/01\/12\/dagheisha-com-1214\/\" title=\"dagheisha.com 12\/14\">dagheisha.com 12\/14<\/a><\/h6>\n<\/div><\/div>\n<\/p><\/div>\n<\/div>\n<div id=\"post-423\" class=\"post type-post hentry status-publish\">\n<div class=\"post_wrapper grid_layout\">\n<div class=\"blog_grid_content\">\n<div class=\"post_header grid\">\n<div class=\"post_info_cat\">January 12, 2015&nbsp;\/&nbsp;<a href=\"\/\/phal.angst.band\/2017\/index.php\/category\/reviews\/\">reviews<\/a>&nbsp;\/&nbsp;<a href=\"\/\/phal.angst.band\/2017\/index.php\/category\/uncategorized\/\">Uncategorized<\/a><\/div>\n<h6><a href=\"\/\/phal.angst.band\/2017\/index.php\/2015\/01\/12\/stormbringer-at-1214\/\" title=\"stormbringer.at 12\/14\">stormbringer.at 12\/14<\/a><\/h6>\n<\/div><\/div>\n<\/p><\/div>\n<\/div>\n<div id=\"post-418\" class=\"post type-post hentry status-publish\">\n<div class=\"post_wrapper grid_layout\">\n<div class=\"blog_grid_content\">\n<div class=\"post_header grid\">\n<div class=\"post_info_cat\">December 15, 2014&nbsp;\/&nbsp;<a href=\"\/\/phal.angst.band\/2017\/index.php\/category\/reviews\/\">reviews<\/a>&nbsp;\/&nbsp;<a href=\"\/\/phal.angst.band\/2017\/index.php\/category\/uncategorized\/\">Uncategorized<\/a><\/div>\n<h6><a href=\"\/\/phal.angst.band\/2017\/index.php\/2014\/12\/15\/musicinbelgium-net-1214\/\" title=\"musicinbelgium.net 12\/14\">musicinbelgium.net 12\/14<\/a><\/h6>\n<\/div><\/div>\n<\/p><\/div>\n<\/div>\n<div id=\"post-415\" class=\"post type-post hentry status-publish\">\n<div class=\"post_wrapper grid_layout\">\n<div class=\"blog_grid_content\">\n<div class=\"post_header grid\">\n<div class=\"post_info_cat\">December 15, 2014&nbsp;\/&nbsp;<a href=\"\/\/phal.angst.band\/2017\/index.php\/category\/reviews\/\">reviews<\/a>&nbsp;\/&nbsp;<a href=\"\/\/phal.angst.band\/2017\/index.php\/category\/uncategorized\/\">Uncategorized<\/a><\/div>\n<h6><a href=\"\/\/phal.angst.band\/2017\/index.php\/2014\/12\/15\/musicaustria-at-1214\/\" title=\"musicaustria.at 12\/14\">musicaustria.at 12\/14<\/a><\/h6>\n<\/div><\/div>\n<\/p><\/div>\n<\/div>\n<div id=\"post-412\" class=\"post type-post hentry status-publish\">\n<div class=\"post_wrapper grid_layout\">\n<div class=\"blog_grid_content\">\n<div class=\"post_header grid\">\n<div class=\"post_info_cat\">December 3, 2014&nbsp;\/&nbsp;<a href=\"\/\/phal.angst.band\/2017\/index.php\/category\/reviews\/\">reviews<\/a>&nbsp;\/&nbsp;<a href=\"\/\/phal.angst.band\/2017\/index.php\/category\/uncategorized\/\">Uncategorized<\/a><\/div>\n<h6><a href=\"\/\/phal.angst.band\/2017\/index.php\/2014\/12\/03\/planetmosh-1214\/\" title=\"planetmosh 12\/14\">planetmosh 12\/14<\/a><\/h6>\n<\/div><\/div>\n<\/p><\/div>\n<\/div>\n<div id=\"post-409\" class=\"post type-post hentry status-publish\">\n<div class=\"post_wrapper grid_layout\">\n<div class=\"blog_grid_content\">\n<div class=\"post_header grid\">\n<div class=\"post_info_cat\">December 3, 2014&nbsp;\/&nbsp;<a href=\"\/\/phal.angst.band\/2017\/index.php\/category\/reviews\/\">reviews<\/a>&nbsp;\/&nbsp;<a href=\"\/\/phal.angst.band\/2017\/index.php\/category\/uncategorized\/\">Uncategorized<\/a><\/div>\n<h6><a href=\"\/\/phal.angst.band\/2017\/index.php\/2014\/12\/03\/powermetal-de-1214\/\" title=\"powermetal.de 12\/14\">powermetal.de 12\/14<\/a><\/h6>\n<\/div><\/div>\n<\/p><\/div>\n<\/div>\n<div id=\"post-398\" class=\"post type-post hentry status-publish\">\n<div class=\"post_wrapper grid_layout\">\n<div class=\"blog_grid_content\">\n<div class=\"post_header grid\">\n<div class=\"post_info_cat\">November 19, 2014&nbsp;\/&nbsp;<a href=\"\/\/phal.angst.band\/2017\/index.php\/category\/reviews\/\">reviews<\/a>&nbsp;\/&nbsp;<a href=\"\/\/phal.angst.band\/2017\/index.php\/category\/uncategorized\/\">Uncategorized<\/a><\/div>\n<h6><a href=\"\/\/phal.angst.band\/2017\/index.php\/2014\/11\/19\/cdtests-de-1114\/\" title=\"cdtests.de 11\/14\">cdtests.de 11\/14<\/a><\/h6>\n<\/div><\/div>\n<\/p><\/div>\n<\/div>\n<div id=\"post-388\" class=\"post type-post hentry status-publish\">\n<div class=\"post_wrapper grid_layout\">\n<div class=\"blog_grid_content\">\n<div class=\"post_header grid\">\n<div class=\"post_info_cat\">November 18, 2014&nbsp;\/&nbsp;<a href=\"\/\/phal.angst.band\/2017\/index.php\/category\/reviews\/\">reviews<\/a>&nbsp;\/&nbsp;<a href=\"\/\/phal.angst.band\/2017\/index.php\/category\/uncategorized\/\">Uncategorized<\/a><\/div>\n<h6><a href=\"\/\/phal.angst.band\/2017\/index.php\/2014\/11\/18\/the-ringmaster-review-1114\/\" title=\"The Ringmaster Review 11\/14\">The Ringmaster Review 11\/14<\/a><\/h6>\n<\/div><\/div>\n<\/p><\/div>\n<\/div>\n<div id=\"post-392\" class=\"post type-post hentry status-publish\">\n<div class=\"post_wrapper grid_layout\">\n<div class=\"blog_grid_content\">\n<div class=\"post_header grid\">\n<div class=\"post_info_cat\">November 18, 2014&nbsp;\/&nbsp;<a href=\"\/\/phal.angst.band\/2017\/index.php\/category\/reviews\/\">reviews<\/a>&nbsp;\/&nbsp;<a href=\"\/\/phal.angst.band\/2017\/index.php\/category\/uncategorized\/\">Uncategorized<\/a><\/div>\n<h6><a href=\"\/\/phal.angst.band\/2017\/index.php\/2014\/11\/18\/alonemusic\/\" title=\"Alonemusic\">Alonemusic<\/a><\/h6>\n<\/div><\/div>\n<\/p><\/div>\n<\/div>\n<div id=\"post-381\" class=\"post type-post hentry status-publish\">\n<div class=\"post_wrapper grid_layout\">\n<div class=\"blog_grid_content\">\n<div class=\"post_header grid\">\n<div class=\"post_info_cat\">November 18, 2014&nbsp;\/&nbsp;<a href=\"\/\/phal.angst.band\/2017\/index.php\/category\/reviews\/\">reviews<\/a>&nbsp;\/&nbsp;<a href=\"\/\/phal.angst.band\/2017\/index.php\/category\/uncategorized\/\">Uncategorized<\/a><\/div>\n<h6><a href=\"\/\/phal.angst.band\/2017\/index.php\/2014\/11\/18\/381\/\" title=\"Cracked 05\/2009\">Cracked 05\/2009<\/a><\/h6>\n<\/div><\/div>\n<\/p><\/div>\n<\/div>\n<div id=\"post-386\" class=\"post type-post hentry status-publish\">\n<div class=\"post_wrapper grid_layout\">\n<div class=\"blog_grid_content\">\n<div class=\"post_header grid\">\n<div class=\"post_info_cat\">November 18, 2014&nbsp;\/&nbsp;<a href=\"\/\/phal.angst.band\/2017\/index.php\/category\/reviews\/\">reviews<\/a>&nbsp;\/&nbsp;<a href=\"\/\/phal.angst.band\/2017\/index.php\/category\/uncategorized\/\">Uncategorized<\/a><\/div>\n<h6><a href=\"\/\/phal.angst.band\/2017\/index.php\/2014\/11\/18\/schattenheim\/\" title=\"Schattenheim\">Schattenheim<\/a><\/h6>\n<\/div><\/div>\n<\/p><\/div>\n<\/div>\n<\/div>\n<\/div>\n<\/div>\n<\/div>\n<\/div>\n<\/div>\n<div  class=\"one withsmallpadding ppb_text\" style=\"padding:30px 0 30px 0;\" >\n<div class=\"standard_wrapper\">\n<div class=\"page_content_wrapper\">\n<div class=\"inner\">\n<div style=\"margin:auto;width:100%\">\n<div class=\"social_share_wrapper shortcode\">\n<h5>Share On<\/h5>\n<ul>\n<li><a target=\"_blank\" href=\"https:\/\/www.facebook.com\/sharer\/sharer.php?u=\/\/phal.angst.band\/2017\/index.php\/home\/black-country-reviews\/\"><i class=\"fa fa-facebook marginright\"><\/i><\/a><\/li>\n<li><a target=\"_blank\" href=\"https:\/\/twitter.com\/intent\/tweet?original_referer=\/\/phal.angst.band\/2017\/index.php\/home\/black-country-reviews\/&#038;url=\/\/phal.angst.band\/2017\/index.php\/home\/black-country-reviews\/\"><i class=\"fa fa-twitter marginright\"><\/i><\/a><\/li>\n<li><a target=\"_blank\" href=\"http:\/\/www.pinterest.com\/pin\/create\/button\/?url=http%3A%2F%2Fmed-user.net%2F%7Ephalangst%2F2017%2Findex.php%2Fhome%2Fblack-country-reviews%2F\"><i class=\"fa fa-pinterest marginright\"><\/i><\/a><\/li>\n<li><a target=\"_blank\" href=\"https:\/\/plus.google.com\/share?url=\/\/phal.angst.band\/2017\/index.php\/home\/black-country-reviews\/\"><i class=\"fa fa-google-plus marginright\"><\/i><\/a><\/li>\n<\/ul>\n<\/div>\n<\/div>\n<\/div>\n<\/div>\n<\/div>\n<\/div>\n","protected":false},"excerpt":{"rendered":"<p>March 21, 2016&nbsp;\/&nbsp;reviews&nbsp;\/&nbsp;Uncategorized Falter 49\/14 &#8220;Angstmacher, die man nicht f\u00fcrchten muss&#8221; Menschen an Hand ihrer Band-T-Shirts zu beurteilen ist pubert\u00e4r. Tr\u00e4gt ein Musiker auf seinen eigenen Pressefotos&#8230; March 5, 2016&nbsp;\/&nbsp;reviews&nbsp;\/&nbsp;Uncategorized Ma\u0142y Leksykon Wielkich Zespo\u0142\u00f3w, 05\/15, Poland March 9, 2015&nbsp;\/&nbsp;reviews&nbsp;\/&nbsp;Uncategorized Slam, [&hellip;]<\/p>\n","protected":false},"author":1,"featured_media":0,"parent":18,"menu_order":0,"comment_status":"closed","ping_status":"closed","template":"","meta":{"footnotes":""},"_links":{"self":[{"href":"https:\/\/phal.angst.band\/index.php\/wp-json\/wp\/v2\/pages\/4743"}],"collection":[{"href":"https:\/\/phal.angst.band\/index.php\/wp-json\/wp\/v2\/pages"}],"about":[{"href":"https:\/\/phal.angst.band\/index.php\/wp-json\/wp\/v2\/types\/page"}],"author":[{"embeddable":true,"href":"https:\/\/phal.angst.band\/index.php\/wp-json\/wp\/v2\/users\/1"}],"replies":[{"embeddable":true,"href":"https:\/\/phal.angst.band\/index.php\/wp-json\/wp\/v2\/comments?post=4743"}],"version-history":[{"count":27,"href":"https:\/\/phal.angst.band\/index.php\/wp-json\/wp\/v2\/pages\/4743\/revisions"}],"predecessor-version":[{"id":4946,"href":"https:\/\/phal.angst.band\/index.php\/wp-json\/wp\/v2\/pages\/4743\/revisions\/4946"}],"up":[{"embeddable":true,"href":"https:\/\/phal.angst.band\/index.php\/wp-json\/wp\/v2\/pages\/18"}],"wp:attachment":[{"href":"https:\/\/phal.angst.band\/index.php\/wp-json\/wp\/v2\/media?parent=4743"}],"curies":[{"name":"wp","href":"https:\/\/api.w.org\/{rel}","templated":true}]}}